{"id":60,"date":"2022-02-09T11:20:55","date_gmt":"2022-02-09T11:20:55","guid":{"rendered":"https:\/\/mototours.pl\/?page_id=60"},"modified":"2026-01-10T19:44:47","modified_gmt":"2026-01-10T19:44:47","slug":"oferta","status":"publish","type":"page","link":"https:\/\/mototours.pl\/index.php\/oferta\/","title":{"rendered":"OFERTA"},"content":{"rendered":"<h1><img loading=\"lazy\" decoding=\"async\" class=\"alignnone wp-image-190 size-medium\" src=\"http:\/\/mototours.pl\/wp-content\/uploads\/2022\/02\/kreska_mototours2-300x31.png\" alt=\"\" width=\"300\" height=\"31\" srcset=\"https:\/\/mototours.pl\/wp-content\/uploads\/2022\/02\/kreska_mototours2-300x31.png 300w, https:\/\/mototours.pl\/wp-content\/uploads\/2022\/02\/kreska_mototours2-1024x106.png 1024w, https:\/\/mototours.pl\/wp-content\/uploads\/2022\/02\/kreska_mototours2-768x80.png 768w, https:\/\/mototours.pl\/wp-content\/uploads\/2022\/02\/kreska_mototours2-1536x159.png 1536w, https:\/\/mototours.pl\/wp-content\/uploads\/2022\/02\/kreska_mototours2-2048x212.png 2048w\" sizes=\"(max-width: 300px) 100vw, 300px\" \/><\/h1>\n<p>Nasza propozycja to stacjonarne ( zakwaterowanie w jednym hotelu ) wycieczki po Costa Blanca, oraz wycieczki objazdowe do Portugalii, Andaluzji w Pireneje i do Maroka. W ofercie znajduje si\u0119 te\u017c wypo\u017cyczalnia motocykli.\u00a0 Proponujemy wyprawy po typowo turystycznym P\u00f3\u0142wyspie Iberyjskim i Afryce p\u00f3\u0142nocnej ( Maroko ). Hiszpania jest to drugi na \u015bwiecie kraj pod wzgl\u0119dem ilo\u015bci przyjmowanych turyst\u00f3w. Statystyki podaj\u0105, \u017ce odwiedza j\u0105 rocznie ponad 50 milion\u00f3w os\u00f3b. I nic dziwnego, kraj ten ma wspania\u0142y klimat, piaszczyste pla\u017ce, \u0142agodne zimy, wspania\u0142e i zr\u00f3\u017cnicowane widoki, a do tego bardzo przyja\u017anie i optymistycznie nastawionych mieszka\u0144c\u00f3w. Ca\u0142o\u015bci dope\u0142nia wy\u015bmienita kuchnia, wyborne trunki, wspania\u0142e zabytki, bogata historia i wiecznie \u015bwiec\u0105ce s\u0142o\u0144ce.<\/p>\n<p style=\"text-align: left;\"><span style=\"color: #ff0000;\"><strong>My chcemy udowodni\u0107 Wam jednak, \u017ce motocyklowo jest to raj, tylko trzeba mie\u0107 pomys\u0142 i plan jak go zdoby\u0107.\u00a0<\/strong><\/span><\/p>\n<p>&nbsp;<\/p>\n<p><a href=\"https:\/\/mototours.pl\/index.php\/wypozyczalnia\/\"><img loading=\"lazy\" decoding=\"async\" class=\"alignleft wp-image-1405\" src=\"http:\/\/mototours.pl\/wp-content\/uploads\/2024\/09\/belka_wypozyczalnia_1.png\" alt=\"\" width=\"799\" height=\"46\" srcset=\"https:\/\/mototours.pl\/wp-content\/uploads\/2024\/09\/belka_wypozyczalnia_1.png 2860w, https:\/\/mototours.pl\/wp-content\/uploads\/2024\/09\/belka_wypozyczalnia_1-300x17.png 300w, https:\/\/mototours.pl\/wp-content\/uploads\/2024\/09\/belka_wypozyczalnia_1-1024x59.png 1024w, https:\/\/mototours.pl\/wp-content\/uploads\/2024\/09\/belka_wypozyczalnia_1-768x44.png 768w, https:\/\/mototours.pl\/wp-content\/uploads\/2024\/09\/belka_wypozyczalnia_1-1536x89.png 1536w, https:\/\/mototours.pl\/wp-content\/uploads\/2024\/09\/belka_wypozyczalnia_1-2048x118.png 2048w\" sizes=\"(max-width: 799px) 100vw, 799px\" \/><\/a><\/p>\n<p><a href=\"https:\/\/mototours.pl\/index.php\/przykladowa-trasa-stacjonarna-costa-blanca\/\"><img loading=\"lazy\" decoding=\"async\" class=\"alignnone wp-image-513 size-full\" src=\"http:\/\/mototours.pl\/wp-content\/uploads\/2022\/02\/trasy_stac_przycisk_03.png\" alt=\"\" width=\"799\" height=\"46\" srcset=\"https:\/\/mototours.pl\/wp-content\/uploads\/2022\/02\/trasy_stac_przycisk_03.png 799w, https:\/\/mototours.pl\/wp-content\/uploads\/2022\/02\/trasy_stac_przycisk_03-300x17.png 300w, https:\/\/mototours.pl\/wp-content\/uploads\/2022\/02\/trasy_stac_przycisk_03-768x44.png 768w\" sizes=\"(max-width: 799px) 100vw, 799px\" \/><\/a><\/p>\n<p><a href=\"https:\/\/mototours.pl\/index.php\/wyjazd-objazdowy\/\"><img loading=\"lazy\" decoding=\"async\" class=\"alignnone wp-image-514 size-full\" src=\"http:\/\/mototours.pl\/wp-content\/uploads\/2022\/02\/trasy_objazdowe_przycisk_03.png\" alt=\"\" width=\"799\" height=\"46\" srcset=\"https:\/\/mototours.pl\/wp-content\/uploads\/2022\/02\/trasy_objazdowe_przycisk_03.png 799w, https:\/\/mototours.pl\/wp-content\/uploads\/2022\/02\/trasy_objazdowe_przycisk_03-300x17.png 300w, https:\/\/mototours.pl\/wp-content\/uploads\/2022\/02\/trasy_objazdowe_przycisk_03-768x44.png 768w\" sizes=\"(max-width: 799px) 100vw, 799px\" \/><\/a><\/p>\n<p><a href=\"https:\/\/mototours.pl\/index.php\/cennik\/\"><img loading=\"lazy\" decoding=\"async\" class=\"alignnone wp-image-515 size-full\" src=\"http:\/\/mototours.pl\/wp-content\/uploads\/2022\/02\/trasy_cennik_przycisk_03.png\" alt=\"\" width=\"799\" height=\"46\" srcset=\"https:\/\/mototours.pl\/wp-content\/uploads\/2022\/02\/trasy_cennik_przycisk_03.png 799w, https:\/\/mototours.pl\/wp-content\/uploads\/2022\/02\/trasy_cennik_przycisk_03-300x17.png 300w, https:\/\/mototours.pl\/wp-content\/uploads\/2022\/02\/trasy_cennik_przycisk_03-768x44.png 768w\" sizes=\"(max-width: 799px) 100vw, 799px\" \/><\/a><\/p>\n<p><a href=\"https:\/\/mototours.pl\/index.php\/informacje-praktyczne\/\"><img loading=\"lazy\" decoding=\"async\" class=\"alignleft wp-image-511 size-full\" src=\"http:\/\/mototours.pl\/wp-content\/uploads\/2022\/02\/trasy_prakt_przycisk_02.png\" alt=\"\" width=\"800\" height=\"43\" srcset=\"https:\/\/mototours.pl\/wp-content\/uploads\/2022\/02\/trasy_prakt_przycisk_02.png 800w, https:\/\/mototours.pl\/wp-content\/uploads\/2022\/02\/trasy_prakt_przycisk_02-300x16.png 300w, https:\/\/mototours.pl\/wp-content\/uploads\/2022\/02\/trasy_prakt_przycisk_02-768x41.png 768w\" sizes=\"(max-width: 800px) 100vw, 800px\" \/><\/a><\/p>\n<p>&nbsp;<\/p>\n<p>&nbsp;<\/p>\n","protected":false},"excerpt":{"rendered":"<p>Nasza propozycja to stacjonarne ( zakwaterowanie w jednym hotelu ) wycieczki po Costa Blanca, oraz wycieczki objazdowe do Portugalii, Andaluzji w Pireneje i do Maroka. W ofercie znajduje si\u0119 te\u017c wypo\u017cyczalnia motocykli.\u00a0 Proponujemy wyprawy po typowo turystycznym P\u00f3\u0142wyspie Iberyjskim i Afryce p\u00f3\u0142nocnej ( Maroko ). Hiszpania jest to drugi na \u015bwiecie kraj pod wzgl\u0119dem ilo\u015bci [&hellip;]<\/p>\n","protected":false},"author":1,"featured_media":538,"parent":0,"menu_order":0,"comment_status":"closed","ping_status":"closed","template":"","meta":{"saved_in_kubio":true,"_themeisle_gutenberg_block_has_review":false,"footnotes":""},"class_list":["post-60","page","type-page","status-publish","has-post-thumbnail","hentry"],"kubio_ai_page_context":{"short_desc":"","purpose":"general"},"_links":{"self":[{"href":"https:\/\/mototours.pl\/index.php\/wp-json\/wp\/v2\/pages\/60","targetHints":{"allow":["GET"]}}],"collection":[{"href":"https:\/\/mototours.pl\/index.php\/wp-json\/wp\/v2\/pages"}],"about":[{"href":"https:\/\/mototours.pl\/index.php\/wp-json\/wp\/v2\/types\/page"}],"author":[{"embeddable":true,"href":"https:\/\/mototours.pl\/index.php\/wp-json\/wp\/v2\/users\/1"}],"replies":[{"embeddable":true,"href":"https:\/\/mototours.pl\/index.php\/wp-json\/wp\/v2\/comments?post=60"}],"version-history":[{"count":53,"href":"https:\/\/mototours.pl\/index.php\/wp-json\/wp\/v2\/pages\/60\/revisions"}],"predecessor-version":[{"id":2396,"href":"https:\/\/mototours.pl\/index.php\/wp-json\/wp\/v2\/pages\/60\/revisions\/2396"}],"wp:featuredmedia":[{"embeddable":true,"href":"https:\/\/mototours.pl\/index.php\/wp-json\/wp\/v2\/media\/538"}],"wp:attachment":[{"href":"https:\/\/mototours.pl\/index.php\/wp-json\/wp\/v2\/media?parent=60"}],"curies":[{"name":"wp","href":"https:\/\/api.w.org\/{rel}","templated":true}]}}