{"id":168,"date":"2022-02-09T14:57:23","date_gmt":"2022-02-09T14:57:23","guid":{"rendered":"https:\/\/mototours.pl\/?page_id=168"},"modified":"2026-01-08T18:26:14","modified_gmt":"2026-01-08T18:26:14","slug":"wyjazd-objazdowy","status":"publish","type":"page","link":"https:\/\/mototours.pl\/index.php\/wyjazd-objazdowy\/","title":{"rendered":"TRASY OBJAZDOWE"},"content":{"rendered":"<p><img loading=\"lazy\" decoding=\"async\" class=\"alignnone size-medium wp-image-190\" src=\"http:\/\/mototours.pl\/wp-content\/uploads\/2022\/02\/kreska_mototours2-300x31.png\" alt=\"\" width=\"300\" height=\"31\" srcset=\"https:\/\/mototours.pl\/wp-content\/uploads\/2022\/02\/kreska_mototours2-300x31.png 300w, https:\/\/mototours.pl\/wp-content\/uploads\/2022\/02\/kreska_mototours2-1024x106.png 1024w, https:\/\/mototours.pl\/wp-content\/uploads\/2022\/02\/kreska_mototours2-768x80.png 768w, https:\/\/mototours.pl\/wp-content\/uploads\/2022\/02\/kreska_mototours2-1536x159.png 1536w, https:\/\/mototours.pl\/wp-content\/uploads\/2022\/02\/kreska_mototours2-2048x212.png 2048w\" sizes=\"(max-width: 300px) 100vw, 300px\" \/><\/p>\n<p>Formu\u0142a tego typu wyjazdu jest najbardziej elastyczn\u0105 propozycj\u0105 w naszej ofercie. Wycieczki maj\u0105 charakter objazdowy, co oznacza, z\u0307e ka\u017cdy dzie\u0144 to nowa przygoda i lokalizacja a co za tym idzie r\u00f3wnie\u017c hotel w kt\u00f3rym nocujemy. Na posi\u0142ki zatrzymujemy si\u0119 w barach i restauracjach po drodze.<\/p>\n<p>&nbsp;<\/p>\n<p><img loading=\"lazy\" decoding=\"async\" class=\"size-full wp-image-878 aligncenter\" src=\"http:\/\/mototours.pl\/wp-content\/uploads\/2022\/03\/20211117_171819-scaled.jpg\" alt=\"\" width=\"2560\" height=\"1348\" srcset=\"https:\/\/mototours.pl\/wp-content\/uploads\/2022\/03\/20211117_171819-scaled.jpg 2560w, https:\/\/mototours.pl\/wp-content\/uploads\/2022\/03\/20211117_171819-300x158.jpg 300w, https:\/\/mototours.pl\/wp-content\/uploads\/2022\/03\/20211117_171819-1024x539.jpg 1024w, https:\/\/mototours.pl\/wp-content\/uploads\/2022\/03\/20211117_171819-768x404.jpg 768w, https:\/\/mototours.pl\/wp-content\/uploads\/2022\/03\/20211117_171819-1536x809.jpg 1536w, https:\/\/mototours.pl\/wp-content\/uploads\/2022\/03\/20211117_171819-2048x1078.jpg 2048w\" sizes=\"(max-width: 2560px) 100vw, 2560px\" \/><\/p>\n<p>&nbsp;<\/p>\n<p>Przed wyjazdem przygotowujemy tras\u0119, ale jeste\u015bmy otwarci r\u00f3wnie\u017c na Wasze sugestie i zmodyfikujemy j\u0105 wedle potrzeb. Bagaz\u0307e wozimy ze soba\u0328 na motocyklach (s\u0105 wyposa\u017cone w kufry centralne i opcjonalnie elastyczne torby). Mo\u017cliwa jest te\u017c asysta samochodu. Noclegi rezerwujemy wcze\u015bniej, z jednodniowym wyprzedzeniem lub na bierz\u0105co.<\/p>\n<p>Taka forma wyprawy jest najbardziej kreatywn\u0105 form\u0105 poznawania Hiszpanii, Portugalii i Maroka, sprawdzaj\u0105c\u0105 si\u0119 najlepiej w ma\u0142ych grupach. To spe\u0142nienie idei podr\u00f3\u017cy gdzie oczy ponios\u0105, ca\u0142y p\u00f3\u0142wysep Iberyjski stoi przed nami otworem. Czy to podr\u00f3\u017c do Andaluzji, a mo\u017ce do kraju Bask\u00f3w, czy te\u017c w Pireneje, do Portugalii lub Maroka &#8211; wyb\u00f3r nale\u017cy do Was. Wycieczki mo\u017cna wyd\u0142u\u017cy\u0107 lub skr\u00f3ci\u0107 \u2013 to zale\u017cy od Was.<\/p>\n<p>&nbsp;<\/p>\n<h2 style=\"text-align: center;\"><span style=\"color: #ff6600;\"><strong>Jeste\u015bmy dla Was<\/strong><\/span><\/h2>\n<h2 style=\"text-align: center;\"><span style=\"color: #ff6600;\"><strong>Jez\u0307eli macie pomys\u0142 na trase\u0328 indywidualna\u0328, to moz\u0307emy ja\u0328 r\u00f3wnie\u017c zorganizowac\u0301.<\/strong><\/span><\/h2>\n<p><strong>\u00a0<\/strong><\/p>\n<p>Podczas wycieczek objazdowych zapewniamy: transfer z i na lotnisko, opiek\u0119 rezydenta, zakwaterowanie w pokoju dwuosobowym, w zalez\u0307nos\u0301ci od sytuacji w hotelu lub kwaterach Air B&amp;B, \u015bniadania, motocykl Yamaha, BMW lub Honda do wyboru z naszej floty, wspania\u0142e widoki i kr\u0119te trasy.<\/p>\n<p>&nbsp;<\/p>\n<ul>\n<li>Cena nie obejmuje: bilet\u00f3w lotniczych, wy\u017cywienia poza \u015bniadaniami, paliwa do motocykla, ubezpieczenia indywidualnego i wydatk\u00f3w w\u0142asnych.<\/li>\n<li>Ilo\u015b\u0107 dni w siodle zale\u017cy od kierunku i zaplanowanej trasy, w tym przypadku stawki b\u0119d\u0105 negocjowane indywidualnie<\/li>\n<li>Po stronie uczestnik\u00f3w le\u017c\u0105 op\u0142aty za bilety lotnicze, paliwo do motocykli i wydatki w\u0142asne.<\/li>\n<li>Moz\u0307liwe sa\u0328 ro\u0301wniez\u0307 d\u0142uz\u0307sze lub kro\u0301tsze pobyty (do indywidualnego ustalenia).<\/li>\n<\/ul>\n<p>&nbsp;<\/p>\n<p>&nbsp;<\/p>\n<p><a href=\"https:\/\/mototours.pl\/index.php\/przykladowa-trasa-objazdowa-andaluzja\/\"><img loading=\"lazy\" decoding=\"async\" class=\"wp-image-1631 size-large alignleft\" src=\"http:\/\/mototours.pl\/wp-content\/uploads\/2025\/05\/andaluzja_pasek2-1024x44.jpg\" alt=\"\" width=\"750\" height=\"32\" srcset=\"https:\/\/mototours.pl\/wp-content\/uploads\/2025\/05\/andaluzja_pasek2-1024x44.jpg 1024w, https:\/\/mototours.pl\/wp-content\/uploads\/2025\/05\/andaluzja_pasek2-300x13.jpg 300w, https:\/\/mototours.pl\/wp-content\/uploads\/2025\/05\/andaluzja_pasek2-768x33.jpg 768w, https:\/\/mototours.pl\/wp-content\/uploads\/2025\/05\/andaluzja_pasek2.jpg 1198w\" sizes=\"(max-width: 750px) 100vw, 750px\" \/><\/a><\/p>\n<p>&nbsp;<\/p>\n<p><a href=\"https:\/\/mototours.pl\/index.php\/trasa-w-maroku\/\"><img loading=\"lazy\" decoding=\"async\" class=\"wp-image-1627 size-large alignleft\" src=\"http:\/\/mototours.pl\/wp-content\/uploads\/2025\/05\/maroko-1024x44.jpg\" alt=\"\" width=\"750\" height=\"32\" srcset=\"https:\/\/mototours.pl\/wp-content\/uploads\/2025\/05\/maroko-1024x44.jpg 1024w, https:\/\/mototours.pl\/wp-content\/uploads\/2025\/05\/maroko-300x13.jpg 300w, https:\/\/mototours.pl\/wp-content\/uploads\/2025\/05\/maroko-768x33.jpg 768w, https:\/\/mototours.pl\/wp-content\/uploads\/2025\/05\/maroko.jpg 1200w\" sizes=\"(max-width: 750px) 100vw, 750px\" \/><\/a><\/p>\n<p>&nbsp;<\/p>\n<p><a href=\"https:\/\/mototours.pl\/index.php\/przykladowa-trasa-objazdowa-portugalia\/\"><img loading=\"lazy\" decoding=\"async\" class=\"wp-image-406 size-large alignleft\" src=\"http:\/\/mototours.pl\/wp-content\/uploads\/2022\/02\/portugalia_belka-1024x44.png\" alt=\"\" width=\"750\" height=\"32\" srcset=\"https:\/\/mototours.pl\/wp-content\/uploads\/2022\/02\/portugalia_belka-1024x44.png 1024w, https:\/\/mototours.pl\/wp-content\/uploads\/2022\/02\/portugalia_belka-300x13.png 300w, https:\/\/mototours.pl\/wp-content\/uploads\/2022\/02\/portugalia_belka-768x33.png 768w, https:\/\/mototours.pl\/wp-content\/uploads\/2022\/02\/portugalia_belka-1536x66.png 1536w, https:\/\/mototours.pl\/wp-content\/uploads\/2022\/02\/portugalia_belka-2048x88.png 2048w\" sizes=\"(max-width: 750px) 100vw, 750px\" \/><\/a><\/p>\n<p>&nbsp;<\/p>\n<p><a href=\"https:\/\/mototours.pl\/index.php\/pireneje\/\"><img loading=\"lazy\" decoding=\"async\" class=\"wp-image-1197 size-large alignleft\" src=\"http:\/\/mototours.pl\/wp-content\/uploads\/2024\/01\/trasa_po_pirenejach-1024x44.png\" alt=\"\" width=\"750\" height=\"32\" srcset=\"https:\/\/mototours.pl\/wp-content\/uploads\/2024\/01\/trasa_po_pirenejach-1024x44.png 1024w, https:\/\/mototours.pl\/wp-content\/uploads\/2024\/01\/trasa_po_pirenejach-300x13.png 300w, https:\/\/mototours.pl\/wp-content\/uploads\/2024\/01\/trasa_po_pirenejach-768x33.png 768w, https:\/\/mototours.pl\/wp-content\/uploads\/2024\/01\/trasa_po_pirenejach-1536x66.png 1536w, https:\/\/mototours.pl\/wp-content\/uploads\/2024\/01\/trasa_po_pirenejach-2048x88.png 2048w\" sizes=\"(max-width: 750px) 100vw, 750px\" \/><\/a><\/p>\n<p>&nbsp;<\/p>\n<p>&nbsp;<\/p>\n<p>&nbsp;<\/p>\n<p>&nbsp;<\/p>\n<p>&nbsp;<\/p>\n","protected":false},"excerpt":{"rendered":"<p>Formu\u0142a tego typu wyjazdu jest najbardziej elastyczn\u0105 propozycj\u0105 w naszej ofercie. Wycieczki maj\u0105 charakter objazdowy, co oznacza, z\u0307e ka\u017cdy dzie\u0144 to nowa przygoda i lokalizacja a co za tym idzie r\u00f3wnie\u017c hotel w kt\u00f3rym nocujemy. Na posi\u0142ki zatrzymujemy si\u0119 w barach i restauracjach po drodze. &nbsp; &nbsp; Przed wyjazdem przygotowujemy tras\u0119, ale jeste\u015bmy otwarci r\u00f3wnie\u017c [&hellip;]<\/p>\n","protected":false},"author":1,"featured_media":742,"parent":0,"menu_order":0,"comment_status":"closed","ping_status":"closed","template":"","meta":{"saved_in_kubio":false,"_themeisle_gutenberg_block_has_review":false,"footnotes":""},"class_list":["post-168","page","type-page","status-publish","has-post-thumbnail","hentry"],"kubio_ai_page_context":{"short_desc":"","purpose":"general"},"_links":{"self":[{"href":"https:\/\/mototours.pl\/index.php\/wp-json\/wp\/v2\/pages\/168","targetHints":{"allow":["GET"]}}],"collection":[{"href":"https:\/\/mototours.pl\/index.php\/wp-json\/wp\/v2\/pages"}],"about":[{"href":"https:\/\/mototours.pl\/index.php\/wp-json\/wp\/v2\/types\/page"}],"author":[{"embeddable":true,"href":"https:\/\/mototours.pl\/index.php\/wp-json\/wp\/v2\/users\/1"}],"replies":[{"embeddable":true,"href":"https:\/\/mototours.pl\/index.php\/wp-json\/wp\/v2\/comments?post=168"}],"version-history":[{"count":37,"href":"https:\/\/mototours.pl\/index.php\/wp-json\/wp\/v2\/pages\/168\/revisions"}],"predecessor-version":[{"id":2318,"href":"https:\/\/mototours.pl\/index.php\/wp-json\/wp\/v2\/pages\/168\/revisions\/2318"}],"wp:featuredmedia":[{"embeddable":true,"href":"https:\/\/mototours.pl\/index.php\/wp-json\/wp\/v2\/media\/742"}],"wp:attachment":[{"href":"https:\/\/mototours.pl\/index.php\/wp-json\/wp\/v2\/media?parent=168"}],"curies":[{"name":"wp","href":"https:\/\/api.w.org\/{rel}","templated":true}]}}