{"id":145,"date":"2022-02-09T14:24:38","date_gmt":"2022-02-09T14:24:38","guid":{"rendered":"https:\/\/mototours.pl\/?page_id=145"},"modified":"2026-01-10T19:44:06","modified_gmt":"2026-01-10T19:44:06","slug":"o-nas","status":"publish","type":"page","link":"https:\/\/mototours.pl\/index.php\/o-nas\/","title":{"rendered":"O NAS"},"content":{"rendered":"<h1><\/h1>\n<h1><\/h1>\n<h1><img loading=\"lazy\" decoding=\"async\" class=\"alignnone size-medium wp-image-190\" src=\"http:\/\/mototours.pl\/wp-content\/uploads\/2022\/02\/kreska_mototours2-300x31.png\" alt=\"\" width=\"300\" height=\"31\" srcset=\"https:\/\/mototours.pl\/wp-content\/uploads\/2022\/02\/kreska_mototours2-300x31.png 300w, https:\/\/mototours.pl\/wp-content\/uploads\/2022\/02\/kreska_mototours2-1024x106.png 1024w, https:\/\/mototours.pl\/wp-content\/uploads\/2022\/02\/kreska_mototours2-768x80.png 768w, https:\/\/mototours.pl\/wp-content\/uploads\/2022\/02\/kreska_mototours2-1536x159.png 1536w, https:\/\/mototours.pl\/wp-content\/uploads\/2022\/02\/kreska_mototours2-2048x212.png 2048w\" sizes=\"(max-width: 300px) 100vw, 300px\" \/><\/h1>\n<h1 style=\"text-align: center;\"><strong>Kim jeste\u015bmy<\/strong><\/h1>\n<p style=\"text-align: center;\">Pasjonatami podr\u00f3\u017cy motocyklowych, kt\u00f3rzy swoja mi\u0142o\u015b\u0107 do motocykli i wypraw przekuli z hobby w prac\u0119. Wyprawy organizujemy w\u0142a\u015bciwie od zawsze, a od 11 lat ju\u017c zawodowo.<\/p>\n<p style=\"text-align: center;\">Zesp\u00f3\u0142 tworz\u0105 :<\/p>\n<p>&nbsp;<\/p>\n<h2 style=\"text-align: center;\"><strong><img loading=\"lazy\" decoding=\"async\" class=\"aligncenter wp-image-555 size-full\" src=\"http:\/\/mototours.pl\/wp-content\/uploads\/2022\/02\/tomasz_01-e1767806550404.png\" alt=\"\" width=\"200\" height=\"200\" \/><\/strong><\/h2>\n<h1 style=\"text-align: center;\"><strong>Tomasz<\/strong> <strong>Trautman<\/strong><\/h1>\n<p style=\"text-align: center;\">Przewodnik i organizator przedsi\u0119wzi\u0119cia. Cz\u0142owiek od bardzo dawna zwi\u0105zany z motoryzacj\u0105, przez 11 lat\u00a0 przewodnik, kt\u00f3ry prowadzi\u0142 wycieczki stacjonarne i objazdowe po Hiszpanii, Portugalii, Maroku, USA i Islandii. D\u0142ugoletni pracownik Yamaha w Polsce. Podobno dobrze nawi\u0105zuj\u0105cy kontakty z Lud\u017ami i dobry organizator. Zawsze stara si\u0119 \u017ceby ka\u017cdy odnalaz\u0142 na wyje\u017adzie co\u015b dla siebie.<\/p>\n<p>&nbsp;<\/p>\n<p style=\"text-align: center;\"><strong><img loading=\"lazy\" decoding=\"async\" class=\"aligncenter wp-image-556 size-full\" src=\"http:\/\/mototours.pl\/wp-content\/uploads\/2022\/02\/kas_01-e1767806580119.png\" alt=\"\" width=\"200\" height=\"200\" \/><\/strong><\/p>\n<h1 style=\"text-align: center;\"><strong>Katarzyna Potrykus<\/strong><\/h1>\n<p style=\"text-align: center;\">Dusza MoToTours, dbaj\u0105ca o atmosfer\u0119 i harmoni\u0119 na wyjazdach. Dba o przygotowanie organizacyjne.<\/p>\n<p>&nbsp;<\/p>\n<p>&nbsp;<\/p>\n<p style=\"text-align: center;\"><strong><img loading=\"lazy\" decoding=\"async\" class=\"aligncenter wp-image-557 size-full\" src=\"http:\/\/mototours.pl\/wp-content\/uploads\/2022\/02\/ald_01-e1767806594972.png\" alt=\"\" width=\"200\" height=\"200\" \/><\/strong><\/p>\n<h1 style=\"text-align: center;\"><strong>Adrian Kantor<\/strong><\/h1>\n<p style=\"text-align: center;\">Wsparcie logistyczne zaplecze merytoryczne i techniczne , cz\u0142owiek zabezpieczaj\u0105cy nasze wycieczki i podr\u00f3\u017ce od strony transportu i serwisu.<\/p>\n<p>&nbsp;<\/p>\n<p>&nbsp;<\/p>\n<h1><img loading=\"lazy\" decoding=\"async\" class=\"alignnone size-medium wp-image-190\" src=\"http:\/\/mototours.pl\/wp-content\/uploads\/2022\/02\/kreska_mototours2-300x31.png\" alt=\"\" width=\"300\" height=\"31\" srcset=\"https:\/\/mototours.pl\/wp-content\/uploads\/2022\/02\/kreska_mototours2-300x31.png 300w, https:\/\/mototours.pl\/wp-content\/uploads\/2022\/02\/kreska_mototours2-1024x106.png 1024w, https:\/\/mototours.pl\/wp-content\/uploads\/2022\/02\/kreska_mototours2-768x80.png 768w, https:\/\/mototours.pl\/wp-content\/uploads\/2022\/02\/kreska_mototours2-1536x159.png 1536w, https:\/\/mototours.pl\/wp-content\/uploads\/2022\/02\/kreska_mototours2-2048x212.png 2048w\" sizes=\"(max-width: 300px) 100vw, 300px\" \/><\/h1>\n<h1 style=\"text-align: center;\"><strong> Gdzie dzia\u0142amy i je\u017adzimy<\/strong><\/h1>\n<p>Miejscem na ziemi, kt\u00f3re sta\u0142o si\u0119 naszym domem jest Hiszpania, motocyklowy raj! Tutejsze drogi to niesamowita ilo\u015b\u0107 zakr\u0119t\u00f3w, fantastyczna nawierzchnia i co te\u017c bardzo wa\u017cne, znikomy ruch. Ca\u0142o\u015bci dope\u0142nia wy\u015bmienita kuchnia, wyborne trunki, wspania\u0142e zabytki, bogata historia i wiecznie \u015bwiec\u0105ce s\u0142o\u0144ce. Od dawna podr\u00f3\u017cujemy motocyklowo przez ca\u0142y P\u00f3\u0142wysep Iberyjski, Portugali\u0119 i Afryk\u0119 P\u00f3\u0142nocn\u0105 i chcieliby\u015bmy Wam to wszystko pokaza\u0107.<\/p>\n<p>&nbsp;<\/p>\n<p><a href=\"https:\/\/goo.gl\/maps\/evZsAm9fzy1x8RsZ6\"><img loading=\"lazy\" decoding=\"async\" class=\"size-full wp-image-501 aligncenter\" src=\"http:\/\/mototours.pl\/wp-content\/uploads\/2022\/02\/mapa_iberyjski.jpg\" alt=\"\" width=\"930\" height=\"731\" srcset=\"https:\/\/mototours.pl\/wp-content\/uploads\/2022\/02\/mapa_iberyjski.jpg 930w, https:\/\/mototours.pl\/wp-content\/uploads\/2022\/02\/mapa_iberyjski-300x236.jpg 300w, https:\/\/mototours.pl\/wp-content\/uploads\/2022\/02\/mapa_iberyjski-768x604.jpg 768w\" sizes=\"(max-width: 930px) 100vw, 930px\" \/><\/a><\/p>\n<p>&#8211;<\/p>\n<p>&nbsp;<\/p>\n","protected":false},"excerpt":{"rendered":"<p>Kim jeste\u015bmy Pasjonatami podr\u00f3\u017cy motocyklowych, kt\u00f3rzy swoja mi\u0142o\u015b\u0107 do motocykli i wypraw przekuli z hobby w prac\u0119. Wyprawy organizujemy w\u0142a\u015bciwie od zawsze, a od 11 lat ju\u017c zawodowo. Zesp\u00f3\u0142 tworz\u0105 : &nbsp; Tomasz Trautman Przewodnik i organizator przedsi\u0119wzi\u0119cia. Cz\u0142owiek od bardzo dawna zwi\u0105zany z motoryzacj\u0105, przez 11 lat\u00a0 przewodnik, kt\u00f3ry prowadzi\u0142 wycieczki stacjonarne i objazdowe [&hellip;]<\/p>\n","protected":false},"author":1,"featured_media":532,"parent":0,"menu_order":0,"comment_status":"closed","ping_status":"closed","template":"","meta":{"saved_in_kubio":true,"_themeisle_gutenberg_block_has_review":false,"footnotes":""},"class_list":["post-145","page","type-page","status-publish","has-post-thumbnail","hentry"],"kubio_ai_page_context":{"short_desc":"","purpose":"general"},"_links":{"self":[{"href":"https:\/\/mototours.pl\/index.php\/wp-json\/wp\/v2\/pages\/145","targetHints":{"allow":["GET"]}}],"collection":[{"href":"https:\/\/mototours.pl\/index.php\/wp-json\/wp\/v2\/pages"}],"about":[{"href":"https:\/\/mototours.pl\/index.php\/wp-json\/wp\/v2\/types\/page"}],"author":[{"embeddable":true,"href":"https:\/\/mototours.pl\/index.php\/wp-json\/wp\/v2\/users\/1"}],"replies":[{"embeddable":true,"href":"https:\/\/mototours.pl\/index.php\/wp-json\/wp\/v2\/comments?post=145"}],"version-history":[{"count":53,"href":"https:\/\/mototours.pl\/index.php\/wp-json\/wp\/v2\/pages\/145\/revisions"}],"predecessor-version":[{"id":2395,"href":"https:\/\/mototours.pl\/index.php\/wp-json\/wp\/v2\/pages\/145\/revisions\/2395"}],"wp:featuredmedia":[{"embeddable":true,"href":"https:\/\/mototours.pl\/index.php\/wp-json\/wp\/v2\/media\/532"}],"wp:attachment":[{"href":"https:\/\/mototours.pl\/index.php\/wp-json\/wp\/v2\/media?parent=145"}],"curies":[{"name":"wp","href":"https:\/\/api.w.org\/{rel}","templated":true}]}}