{"id":1403,"date":"2024-09-16T15:19:50","date_gmt":"2024-09-16T15:19:50","guid":{"rendered":"https:\/\/mototours.pl\/?page_id=1403"},"modified":"2026-01-21T10:34:49","modified_gmt":"2026-01-21T10:34:49","slug":"wypozyczalnia","status":"publish","type":"page","link":"https:\/\/mototours.pl\/index.php\/wypozyczalnia\/","title":{"rendered":"WYPO\u017bYCZALNIA"},"content":{"rendered":"<p>W naszej wypo\u017cyczalni oferujmy motocykle <strong>BMW GS 1300 Rally \/ Adventure ( automat ), BMW GS 1250 Rally \/ Adventure, Honda NC750 X ( automat ), Yamaha Tracer 9 i tr\u00f3jko\u0142owiec CanAm Spyder ( prawo jazdy kategorii B ).<\/strong>\u00a0Motocykle mo\u017cna doposa\u017cy\u0107 w komplet kufr\u00f3w w celu wygodnego podr\u00f3\u017cowania.<br \/>\nMotocykle te s\u0105 s\u0142ynne ze swojej wygody i wyposa\u017cone we wszystkie systemy jakie do tej pory wymy\u015blono zapewniaj\u0105ce bezpiecze\u0144stwo i komfort jazdy, \u0142\u0105cznie z aktywnym tempomatem ( GS 1300 \/ ADV ), kt\u00f3rego nie oferuje \u017caden inny motocykl na \u015bwiecie. Natomiast <strong>CanAm Spyder<\/strong> dor\u00f3wnuj\u0105c w\u0142a\u015bciwo\u015bciami trakcyjnymi motocyklom, jest doskona\u0142\u0105 alternatyw\u0105 dla tych kt\u00f3rzy wol\u0105 3 ko\u0142a \ud83d\ude42 i nie posiadaj\u0105 prawa jazdy kategorii A, lub po prostu chc\u0105 spr\u00f3bowa\u0107 czego\u015b innego.<\/p>\n<p>&nbsp;<\/p>\n<p>\r\n\t\t\t\t\t\n\r\n\t\t\t\t\t<!-- START UNITE GALLERY LITE 1.7.56 -->\r\n\t\t\t\t\t\r\n\t\t\t\t\n\t\t\t<div id='unitegallery_8_1' class='unite-gallery' style='margin:0px auto;'>\n\t\t\t\t\n\n\t\t\t\t\t\t<img alt=\"bmw_1300_7\"\n\t\t\t\t\t\t     src=\"\" data-image=\"https:\/\/mototours.pl\/wp-content\/uploads\/2024\/09\/bmw_1300_7.jpg\"\n\t\t\t\t\t\t     data-thumb=\"https:\/\/mototours.pl\/wp-content\/uploads\/2024\/09\/bmw_1300_7.jpg\"\n\t\t\t\t\t\t     title=\"\"\n\t\t\t\t\t\t     style=\"display:none\">\n\n\t\t\t\t\t\t<img alt=\"bmw1250-2\"\n\t\t\t\t\t\t     src=\"\" data-image=\"https:\/\/mototours.pl\/wp-content\/uploads\/2024\/09\/bmw1250-2.jpg\"\n\t\t\t\t\t\t     data-thumb=\"https:\/\/mototours.pl\/wp-content\/uploads\/2024\/09\/bmw1250-2.jpg\"\n\t\t\t\t\t\t     title=\"\"\n\t\t\t\t\t\t     style=\"display:none\">\n\n\t\t\t\t\t\t<img alt=\"bmw1250adventure-2\"\n\t\t\t\t\t\t     src=\"\" data-image=\"https:\/\/mototours.pl\/wp-content\/uploads\/2024\/09\/bmw1250adventure-2.jpg\"\n\t\t\t\t\t\t     data-thumb=\"https:\/\/mototours.pl\/wp-content\/uploads\/2024\/09\/bmw1250adventure-2.jpg\"\n\t\t\t\t\t\t     title=\"\"\n\t\t\t\t\t\t     style=\"display:none\">\n\n\t\t\t\t\t\t<img alt=\"CanAM\"\n\t\t\t\t\t\t     src=\"\" data-image=\"https:\/\/mototours.pl\/wp-content\/uploads\/2026\/01\/CanAM.jpg\"\n\t\t\t\t\t\t     data-thumb=\"https:\/\/mototours.pl\/wp-content\/uploads\/2026\/01\/CanAM.jpg\"\n\t\t\t\t\t\t     title=\"\"\n\t\t\t\t\t\t     style=\"display:none\">\n\n\t\t\t\t\t\t<img alt=\"hondancx750\"\n\t\t\t\t\t\t     src=\"\" data-image=\"https:\/\/mototours.pl\/wp-content\/uploads\/2026\/01\/hondancx750.jpg\"\n\t\t\t\t\t\t     data-thumb=\"https:\/\/mototours.pl\/wp-content\/uploads\/2026\/01\/hondancx750.jpg\"\n\t\t\t\t\t\t     title=\"\"\n\t\t\t\t\t\t     style=\"display:none\">\n\n\t\t\t\t\t\t<img alt=\"moto_yamaha_tracer_9\"\n\t\t\t\t\t\t     src=\"\" data-image=\"https:\/\/mototours.pl\/wp-content\/uploads\/2026\/01\/moto_yamaha_tracer_9.jpg\"\n\t\t\t\t\t\t     data-thumb=\"https:\/\/mototours.pl\/wp-content\/uploads\/2026\/01\/moto_yamaha_tracer_9.jpg\"\n\t\t\t\t\t\t     title=\"\"\n\t\t\t\t\t\t     style=\"display:none\">\n\t\t\t<\/div>\n\n\t\t\t<script type='text\/javascript'>\n\t\t\t\twindow.onload = function(e) {\n\t\t\t\t\tif(typeof ugCheckForErrors == \"undefined\"){\n\t\t\t\t\t\tdocument.getElementById(\"unitegallery_8_1\").innerHTML = \"<span style='color:red'>Unite Gallery Error - gallery js and css files not included in the footer. Please make sure that wp_footer() function is added to your theme.<\/span>\";}\n\t\t\t\t\telse{ ugCheckForErrors(\"unitegallery_8_1\", \"jquery\");}\n\t\t\t\t};\n\t\t\t<\/script>\n\n\t\t\t<!-- END UNITEGALLERY LITE--><\/p>\n<p>&nbsp;<\/p>\n<p>Oferujemy elastyczne warunki wynajmu i dobre ceny, \u017ceby ka\u017cdy m\u00f3g\u0142 cieszy\u0107 si\u0119 jazd\u0105 najwygodniejszymi motocyklami na \u015bwiecie. Motocykle s\u0105 wyposa\u017cone w uchwyty na telefon i \u0142adowarki. Mo\u017cliwe s\u0105 jazdy w przewodnikiem, kt\u00f3ry w tym regionie zrobi\u0142 przez 11 lat grubo ponad 400.000 kilometr\u00f3w na motocyklu i zna ka\u017cdy k\u0105t w tym regionie (j\u0119zyk polski) lub angielski (zobacz oferta wycieczek stacjonarnych).<\/p>\n<p><strong>Firma dzia\u0142a w Hiszpanii ju\u017c 11 lat<\/strong>, mamy do\u015bwiadczenie w planowaniu i wskazywaniu najciekawszych miejsc zar\u00f3wno w regionie Costa Blanca jak i na ca\u0142ym P\u00f3\u0142wyspie Iberyjskim oraz Maroku.<\/p>\n<p>&nbsp;<\/p>\n<p><img loading=\"lazy\" decoding=\"async\" class=\"size-full wp-image-1515 aligncenter\" src=\"http:\/\/mototours.pl\/wp-content\/uploads\/2024\/09\/20240927_161245.jpg\" alt=\"\" width=\"1920\" height=\"884\" srcset=\"https:\/\/mototours.pl\/wp-content\/uploads\/2024\/09\/20240927_161245.jpg 1920w, https:\/\/mototours.pl\/wp-content\/uploads\/2024\/09\/20240927_161245-300x138.jpg 300w, https:\/\/mototours.pl\/wp-content\/uploads\/2024\/09\/20240927_161245-1024x471.jpg 1024w, https:\/\/mototours.pl\/wp-content\/uploads\/2024\/09\/20240927_161245-768x354.jpg 768w, https:\/\/mototours.pl\/wp-content\/uploads\/2024\/09\/20240927_161245-1536x707.jpg 1536w\" sizes=\"(max-width: 1920px) 100vw, 1920px\" \/><\/p>\n<h3><\/h3>\n<h3><img loading=\"lazy\" decoding=\"async\" class=\"alignnone wp-image-190 size-medium\" src=\"http:\/\/mototours.pl\/wp-content\/uploads\/2022\/02\/kreska_mototours2-300x31.png\" alt=\"\" width=\"300\" height=\"31\" srcset=\"https:\/\/mototours.pl\/wp-content\/uploads\/2022\/02\/kreska_mototours2-300x31.png 300w, https:\/\/mototours.pl\/wp-content\/uploads\/2022\/02\/kreska_mototours2-1024x106.png 1024w, https:\/\/mototours.pl\/wp-content\/uploads\/2022\/02\/kreska_mototours2-768x80.png 768w, https:\/\/mototours.pl\/wp-content\/uploads\/2022\/02\/kreska_mototours2-1536x159.png 1536w, https:\/\/mototours.pl\/wp-content\/uploads\/2022\/02\/kreska_mototours2-2048x212.png 2048w\" sizes=\"(max-width: 300px) 100vw, 300px\" \/><\/h3>\n<h3><strong>Opis miejsca w kt\u00f3rym jeste\u015bmy:<\/strong><\/h3>\n<p>Firma jest zlokalizowana nad samym morzem, a jednocze\u015bnie niedaleko dw\u00f3ch pasm g\u00f3rskich co powoduje \u017ce tutejsze trasy s\u0105 motocyklowym rajem. Wspania\u0142e widoki g\u00f3rskich prze\u0142\u0119czy i morza jednocze\u015bnie przyprawiaj\u0105 o zawr\u00f3t g\u0142owy. Region Costa Blanca oferuje niezliczon\u0105 ilo\u015b\u0107 bardzo dobrze wyprofilowanych zakr\u0119t\u00f3w, znakomit\u0105 nawierzchni\u0119 i znikomy ruch co w konsekwencji czyni ten region idealnym do turystyki motocyklowej. Dodatkowo region ten jest jednym z najbardziej s\u0142onecznych miejsc w Europie (ponad 300 dni s\u0142onecznych w roku), kiedy w Polsce mamy ju\u017c jesie\u0144 lub zim\u0119 i jest szaro, buro i ponuro tutaj mamy mo\u017cliwo\u015b\u0107 przed\u0142u\u017cenia sobie wakacji motocyklowych lub wypoczynkowych (zobacz oferta wycieczek stacjonarnych).<\/p>\n<h3><\/h3>\n<h3><img loading=\"lazy\" decoding=\"async\" class=\"alignnone wp-image-190 size-medium\" src=\"http:\/\/mototours.pl\/wp-content\/uploads\/2022\/02\/kreska_mototours2-300x31.png\" alt=\"\" width=\"300\" height=\"31\" srcset=\"https:\/\/mototours.pl\/wp-content\/uploads\/2022\/02\/kreska_mototours2-300x31.png 300w, https:\/\/mototours.pl\/wp-content\/uploads\/2022\/02\/kreska_mototours2-1024x106.png 1024w, https:\/\/mototours.pl\/wp-content\/uploads\/2022\/02\/kreska_mototours2-768x80.png 768w, https:\/\/mototours.pl\/wp-content\/uploads\/2022\/02\/kreska_mototours2-1536x159.png 1536w, https:\/\/mototours.pl\/wp-content\/uploads\/2022\/02\/kreska_mototours2-2048x212.png 2048w\" sizes=\"(max-width: 300px) 100vw, 300px\" \/><\/h3>\n<h3><strong>Ceny i warunki wynajmu:<\/strong><\/h3>\n<p><strong>Motocykle BMW<\/strong> \u00a0w cenie<strong> 140 euro <\/strong>za dzie\u0144 ( ubezpieczenie AC z udzia\u0142em w\u0142asnym )<\/p>\n<p><strong> Honda i Yamaha Tracer 9 <\/strong>w cenie<strong> 120 euro <\/strong>za dzie\u0144 ( ubezpieczenie AC z udzia\u0142em w\u0142asnym )<\/p>\n<p><strong>CanAm Spyder<\/strong> w cenie <strong>140 euro<\/strong> za dzie\u0144 ( ubezpieczenie AC z udzia\u0142em w\u0142asnym )<\/p>\n<p>&nbsp;<\/p>\n<p><strong>Warunkiem najmu jest uko\u0144czenie 25 roku \u017cycia i posiadanie prawa jazdy kategorii A nie kr\u00f3cej ni\u017c 3 lata.<\/strong><\/p>\n<p>Przy wynajmie pobieramy kaucj\u0119 zwrotn\u0105 ( got\u00f3wka lub przelew ) w wysoko\u015bci 1000 euro.<\/p>\n<h3><\/h3>\n<h3><img loading=\"lazy\" decoding=\"async\" class=\"alignnone wp-image-190 size-medium\" src=\"http:\/\/mototours.pl\/wp-content\/uploads\/2022\/02\/kreska_mototours2-300x31.png\" alt=\"\" width=\"300\" height=\"31\" srcset=\"https:\/\/mototours.pl\/wp-content\/uploads\/2022\/02\/kreska_mototours2-300x31.png 300w, https:\/\/mototours.pl\/wp-content\/uploads\/2022\/02\/kreska_mototours2-1024x106.png 1024w, https:\/\/mototours.pl\/wp-content\/uploads\/2022\/02\/kreska_mototours2-768x80.png 768w, https:\/\/mototours.pl\/wp-content\/uploads\/2022\/02\/kreska_mototours2-1536x159.png 1536w, https:\/\/mototours.pl\/wp-content\/uploads\/2022\/02\/kreska_mototours2-2048x212.png 2048w\" sizes=\"(max-width: 300px) 100vw, 300px\" \/><\/h3>\n<h3><\/h3>\n<h3><strong>Us\u0142ugi dodatkowe:<\/strong><\/h3>\n<p>W cenie wynajmu oferujemy dodatkowe kufry boczne i kufer g\u00f3rny.<br \/>\nOferujemy transport z lotnisk w Alicante i Walencji ( dodatkowa op\u0142ata ), oraz pomagamy w zakwaterowaniu<br \/>\nNa Pa\u0144stwa \u017cyczenie zaplanujemy Wam przyk\u0142adow\u0105 tras\u0119 zar\u00f3wno na Costa Blanca jak i na p\u00f3\u0142wyspie Iberyjskim i Maroko, przeka\u017cemy j\u0105 pa\u0144stwu w formacie GPX.<\/p>\n<h3><\/h3>\n<h3><img loading=\"lazy\" decoding=\"async\" class=\"alignnone wp-image-190 size-medium\" src=\"http:\/\/mototours.pl\/wp-content\/uploads\/2022\/02\/kreska_mototours2-300x31.png\" alt=\"\" width=\"300\" height=\"31\" srcset=\"https:\/\/mototours.pl\/wp-content\/uploads\/2022\/02\/kreska_mototours2-300x31.png 300w, https:\/\/mototours.pl\/wp-content\/uploads\/2022\/02\/kreska_mototours2-1024x106.png 1024w, https:\/\/mototours.pl\/wp-content\/uploads\/2022\/02\/kreska_mototours2-768x80.png 768w, https:\/\/mototours.pl\/wp-content\/uploads\/2022\/02\/kreska_mototours2-1536x159.png 1536w, https:\/\/mototours.pl\/wp-content\/uploads\/2022\/02\/kreska_mototours2-2048x212.png 2048w\" sizes=\"(max-width: 300px) 100vw, 300px\" \/><\/h3>\n<h3><strong>Procedura wynajmu:<\/strong><\/h3>\n<ul>\n<li>zarezerwuj motocykl mailowo pod adresem: <strong><a href=\"mailto:info@mototours.pl\">info@mototours.pl<\/a> <\/strong>lub telefonicznie <strong><a href=\"telto:+ 48 600 333 317\">+ 48 600 333 317<\/a>.<\/strong><\/li>\n<li>przyjed\u017a lub przywieziemy Ci\u0119 do naszego punktu w miejscowo\u015bci Moraira nad samym morzem, \u017ceby odebra\u0107 pojazd.<\/li>\n<li>podpisz z nami umow\u0119 ( wz\u00f3r wy\u015blemy mailem ), zrobimy kr\u00f3tkie szkolenie z obs\u0142ugi motocykla , wp\u0142a\u0107 kaucj\u0119 i \u2026. w DROG\u0118 \ud83d\ude42<\/li>\n<\/ul>\n<h3><\/h3>\n<h3><img loading=\"lazy\" decoding=\"async\" class=\"alignnone wp-image-190 size-medium\" src=\"http:\/\/mototours.pl\/wp-content\/uploads\/2022\/02\/kreska_mototours2-300x31.png\" alt=\"\" width=\"300\" height=\"31\" srcset=\"https:\/\/mototours.pl\/wp-content\/uploads\/2022\/02\/kreska_mototours2-300x31.png 300w, https:\/\/mototours.pl\/wp-content\/uploads\/2022\/02\/kreska_mototours2-1024x106.png 1024w, https:\/\/mototours.pl\/wp-content\/uploads\/2022\/02\/kreska_mototours2-768x80.png 768w, https:\/\/mototours.pl\/wp-content\/uploads\/2022\/02\/kreska_mototours2-1536x159.png 1536w, https:\/\/mototours.pl\/wp-content\/uploads\/2022\/02\/kreska_mototours2-2048x212.png 2048w\" sizes=\"(max-width: 300px) 100vw, 300px\" \/><\/h3>\n<h3><strong>Dane kontaktowe i lokalizacja:<\/strong><\/h3>\n<p>Firma znajduje si\u0119 w miejscowo\u015bci Moraira (90 kilometr\u00f3w na p\u00f3\u0142noc od Alicante, lub 100 kilometr\u00f3w na po\u0142udnie od Walencji), w razie potrzeby odbierzemy Pa\u0144stwa z lotniska i przywieziemy do nas.<\/p>\n<p><strong><a href=\"https:\/\/maps.app.goo.gl\/8SShdbokW5WMTPH88\" target=\"_blank\" rel=\"noopener\">03-724 Moraira Crta. Moraira \u2013 Calpe 219 lok 1<\/a><\/strong><br \/>\nNumer telefonu : <strong><a href=\"telto:+48 600 333 317\">+48 600 333 317<\/a><\/strong> lub <strong><a href=\"telto:+34 644 33 57 05\">+34 644 33 57 05<\/a><\/strong><br \/>\nAdres mailowy : <strong><a href=\"mailto:info@mototours.pl\">info@mototours.pl<\/a><\/strong><\/p>\n<p>&nbsp;<\/p>\n<p>\r\n\t\t\t\t\t\n\r\n\t\t\t\t\t<!-- START UNITE GALLERY LITE 1.7.56 -->\r\n\t\t\t\t\t\r\n\t\t\t\t\n\t\t\t<div id='unitegallery_7_2' class='unite-gallery' style='margin:0px auto;'>\n\t\t\t\t\n\n\t\t\t\t\t\t<img alt=\"01\"\n\t\t\t\t\t\t     src=\"\" data-image=\"https:\/\/mototours.pl\/wp-content\/uploads\/2024\/09\/01.jpg\"\n\t\t\t\t\t\t     data-thumb=\"https:\/\/mototours.pl\/wp-content\/uploads\/2024\/09\/01-300x138.jpg\"\n\t\t\t\t\t\t     title=\"\"\n\t\t\t\t\t\t     style=\"display:none\">\n\n\t\t\t\t\t\t<img alt=\"02\"\n\t\t\t\t\t\t     src=\"\" data-image=\"https:\/\/mototours.pl\/wp-content\/uploads\/2024\/09\/02.jpg\"\n\t\t\t\t\t\t     data-thumb=\"https:\/\/mototours.pl\/wp-content\/uploads\/2024\/09\/02-300x186.jpg\"\n\t\t\t\t\t\t     title=\"\"\n\t\t\t\t\t\t     style=\"display:none\">\n\n\t\t\t\t\t\t<img alt=\"03\"\n\t\t\t\t\t\t     src=\"\" data-image=\"https:\/\/mototours.pl\/wp-content\/uploads\/2024\/09\/03.jpg\"\n\t\t\t\t\t\t     data-thumb=\"https:\/\/mototours.pl\/wp-content\/uploads\/2024\/09\/03-300x147.jpg\"\n\t\t\t\t\t\t     title=\"\"\n\t\t\t\t\t\t     style=\"display:none\">\n\n\t\t\t\t\t\t<img alt=\"04\"\n\t\t\t\t\t\t     src=\"\" data-image=\"https:\/\/mototours.pl\/wp-content\/uploads\/2024\/09\/04.jpg\"\n\t\t\t\t\t\t     data-thumb=\"https:\/\/mototours.pl\/wp-content\/uploads\/2024\/09\/04-300x164.jpg\"\n\t\t\t\t\t\t     title=\"\"\n\t\t\t\t\t\t     style=\"display:none\">\n\n\t\t\t\t\t\t<img alt=\"05\"\n\t\t\t\t\t\t     src=\"\" data-image=\"https:\/\/mototours.pl\/wp-content\/uploads\/2024\/09\/05.jpg\"\n\t\t\t\t\t\t     data-thumb=\"https:\/\/mototours.pl\/wp-content\/uploads\/2024\/09\/05-300x173.jpg\"\n\t\t\t\t\t\t     title=\"\"\n\t\t\t\t\t\t     style=\"display:none\">\n\n\t\t\t\t\t\t<img alt=\"06\"\n\t\t\t\t\t\t     src=\"\" data-image=\"https:\/\/mototours.pl\/wp-content\/uploads\/2024\/09\/06.jpg\"\n\t\t\t\t\t\t     data-thumb=\"https:\/\/mototours.pl\/wp-content\/uploads\/2024\/09\/06-300x175.jpg\"\n\t\t\t\t\t\t     title=\"\"\n\t\t\t\t\t\t     style=\"display:none\">\n\n\t\t\t\t\t\t<img alt=\"07\"\n\t\t\t\t\t\t     src=\"\" data-image=\"https:\/\/mototours.pl\/wp-content\/uploads\/2024\/09\/07.jpg\"\n\t\t\t\t\t\t     data-thumb=\"https:\/\/mototours.pl\/wp-content\/uploads\/2024\/09\/07-300x161.jpg\"\n\t\t\t\t\t\t     title=\"\"\n\t\t\t\t\t\t     style=\"display:none\">\n\n\t\t\t\t\t\t<img alt=\"08\"\n\t\t\t\t\t\t     src=\"\" data-image=\"https:\/\/mototours.pl\/wp-content\/uploads\/2024\/09\/08.jpg\"\n\t\t\t\t\t\t     data-thumb=\"https:\/\/mototours.pl\/wp-content\/uploads\/2024\/09\/08-300x163.jpg\"\n\t\t\t\t\t\t     title=\"\"\n\t\t\t\t\t\t     style=\"display:none\">\n\n\t\t\t\t\t\t<img alt=\"10\"\n\t\t\t\t\t\t     src=\"\" data-image=\"https:\/\/mototours.pl\/wp-content\/uploads\/2024\/09\/10.jpg\"\n\t\t\t\t\t\t     data-thumb=\"https:\/\/mototours.pl\/wp-content\/uploads\/2024\/09\/10-300x170.jpg\"\n\t\t\t\t\t\t     title=\"\"\n\t\t\t\t\t\t     style=\"display:none\">\n\n\t\t\t\t\t\t<img alt=\"11\"\n\t\t\t\t\t\t     src=\"\" data-image=\"https:\/\/mototours.pl\/wp-content\/uploads\/2024\/09\/11.jpg\"\n\t\t\t\t\t\t     data-thumb=\"https:\/\/mototours.pl\/wp-content\/uploads\/2024\/09\/11-300x168.jpg\"\n\t\t\t\t\t\t     title=\"\"\n\t\t\t\t\t\t     style=\"display:none\">\n\n\t\t\t\t\t\t<img alt=\"12\"\n\t\t\t\t\t\t     src=\"\" data-image=\"https:\/\/mototours.pl\/wp-content\/uploads\/2024\/09\/12.jpg\"\n\t\t\t\t\t\t     data-thumb=\"https:\/\/mototours.pl\/wp-content\/uploads\/2024\/09\/12-300x162.jpg\"\n\t\t\t\t\t\t     title=\"\"\n\t\t\t\t\t\t     style=\"display:none\">\n\t\t\t<\/div>\n\n\n\t\t\t<!-- END UNITEGALLERY LITE--><\/p>\n<p>&nbsp;<\/p>\n<p>&nbsp;<\/p>\n<p>&nbsp;<\/p>\n","protected":false},"excerpt":{"rendered":"<p>W naszej wypo\u017cyczalni oferujmy motocykle BMW GS 1300 Rally \/ Adventure ( automat ), BMW GS 1250 Rally \/ Adventure, Honda NC750 X ( automat ), Yamaha Tracer 9 i tr\u00f3jko\u0142owiec CanAm Spyder ( prawo jazdy kategorii B ).\u00a0Motocykle mo\u017cna doposa\u017cy\u0107 w komplet kufr\u00f3w w celu wygodnego podr\u00f3\u017cowania. Motocykle te s\u0105 s\u0142ynne ze swojej wygody [&hellip;]<\/p>\n","protected":false},"author":1,"featured_media":1513,"parent":0,"menu_order":0,"comment_status":"closed","ping_status":"closed","template":"","meta":{"saved_in_kubio":false,"_themeisle_gutenberg_block_has_review":false,"footnotes":""},"class_list":["post-1403","page","type-page","status-publish","has-post-thumbnail","hentry"],"kubio_ai_page_context":{"short_desc":"","purpose":"general"},"_links":{"self":[{"href":"https:\/\/mototours.pl\/index.php\/wp-json\/wp\/v2\/pages\/1403","targetHints":{"allow":["GET"]}}],"collection":[{"href":"https:\/\/mototours.pl\/index.php\/wp-json\/wp\/v2\/pages"}],"about":[{"href":"https:\/\/mototours.pl\/index.php\/wp-json\/wp\/v2\/types\/page"}],"author":[{"embeddable":true,"href":"https:\/\/mototours.pl\/index.php\/wp-json\/wp\/v2\/users\/1"}],"replies":[{"embeddable":true,"href":"https:\/\/mototours.pl\/index.php\/wp-json\/wp\/v2\/comments?post=1403"}],"version-history":[{"count":49,"href":"https:\/\/mototours.pl\/index.php\/wp-json\/wp\/v2\/pages\/1403\/revisions"}],"predecessor-version":[{"id":2444,"href":"https:\/\/mototours.pl\/index.php\/wp-json\/wp\/v2\/pages\/1403\/revisions\/2444"}],"wp:featuredmedia":[{"embeddable":true,"href":"https:\/\/mototours.pl\/index.php\/wp-json\/wp\/v2\/media\/1513"}],"wp:attachment":[{"href":"https:\/\/mototours.pl\/index.php\/wp-json\/wp\/v2\/media?parent=1403"}],"curies":[{"name":"wp","href":"https:\/\/api.w.org\/{rel}","templated":true}]}}