{"id":1097,"date":"2024-01-08T20:46:49","date_gmt":"2024-01-08T20:46:49","guid":{"rendered":"https:\/\/mototours.pl\/?page_id=1097"},"modified":"2026-01-08T18:35:34","modified_gmt":"2026-01-08T18:35:34","slug":"pireneje","status":"publish","type":"page","link":"https:\/\/mototours.pl\/index.php\/pireneje\/","title":{"rendered":"TRASA W PIRENEJACH"},"content":{"rendered":"<h4>Pireneje To jedno z najbardziej malowniczych miejsc w Europie, pe\u0142ne serpentyn i widok\u00f3w zapieraj\u0105cych dech. Ruch jest tu znacznie mniejszy ni\u017c w Alpach, dzi\u0119ki czemu jazda jest spokojniejsza i bardziej p\u0142ynna. Mo\u017cna w jeden dzie\u0144 przejecha\u0107 przez zupe\u0142nie r\u00f3\u017cne krajobrazy: od surowych szczyt\u00f3w po zielone doliny i nadmorskie klify. Region jest pe\u0142en ma\u0142ych, klimatycznych miasteczek, idealnych na przerwy i lokalne jedzenie.<\/h4>\n<h1 style=\"text-align: center;\">Opis wkr\u00f3tce !<\/h1>\n<p>&nbsp;<\/p>\n<p>\r\n\t\t\t\t\t\n\r\n\t\t\t\t\t<!-- START UNITE GALLERY LITE 1.7.56 -->\r\n\t\t\t\t\t\r\n\t\t\t\t\n\t\t\t<div id='unitegallery_5_1' class='unite-gallery' style='margin:0px auto;'>\n\t\t\t\t\n\n\t\t\t\t\t\t<img alt=\"pireneje___20210702_183443\"\n\t\t\t\t\t\t     src=\"\" data-image=\"https:\/\/mototours.pl\/wp-content\/uploads\/2024\/01\/pireneje___20210702_183443.jpg\"\n\t\t\t\t\t\t     data-thumb=\"https:\/\/mototours.pl\/wp-content\/uploads\/2024\/01\/pireneje___20210702_183443-768x433.jpg\"\n\t\t\t\t\t\t     title=\"\"\n\t\t\t\t\t\t     style=\"display:none\">\n\n\t\t\t\t\t\t<img alt=\"pireneje___20210703_103030\"\n\t\t\t\t\t\t     src=\"\" data-image=\"https:\/\/mototours.pl\/wp-content\/uploads\/2024\/01\/pireneje___20210703_103030.jpg\"\n\t\t\t\t\t\t     data-thumb=\"https:\/\/mototours.pl\/wp-content\/uploads\/2024\/01\/pireneje___20210703_103030-768x1361.jpg\"\n\t\t\t\t\t\t     title=\"\"\n\t\t\t\t\t\t     style=\"display:none\">\n\n\t\t\t\t\t\t<img alt=\"pireneje___20220904_110153\"\n\t\t\t\t\t\t     src=\"\" data-image=\"https:\/\/mototours.pl\/wp-content\/uploads\/2024\/01\/pireneje___20220904_110153.jpg\"\n\t\t\t\t\t\t     data-thumb=\"https:\/\/mototours.pl\/wp-content\/uploads\/2024\/01\/pireneje___20220904_110153-768x1035.jpg\"\n\t\t\t\t\t\t     title=\"\"\n\t\t\t\t\t\t     style=\"display:none\">\n\n\t\t\t\t\t\t<img alt=\"pireneje___20220905_143227\"\n\t\t\t\t\t\t     src=\"\" data-image=\"https:\/\/mototours.pl\/wp-content\/uploads\/2024\/01\/pireneje___20220905_143227.jpg\"\n\t\t\t\t\t\t     data-thumb=\"https:\/\/mototours.pl\/wp-content\/uploads\/2024\/01\/pireneje___20220905_143227-768x347.jpg\"\n\t\t\t\t\t\t     title=\"\"\n\t\t\t\t\t\t     style=\"display:none\">\n\n\t\t\t\t\t\t<img alt=\"pireneje___20220906_115229\"\n\t\t\t\t\t\t     src=\"\" data-image=\"https:\/\/mototours.pl\/wp-content\/uploads\/2024\/01\/pireneje___20220906_115229.jpg\"\n\t\t\t\t\t\t     data-thumb=\"https:\/\/mototours.pl\/wp-content\/uploads\/2024\/01\/pireneje___20220906_115229.jpg\"\n\t\t\t\t\t\t     title=\"\"\n\t\t\t\t\t\t     style=\"display:none\">\n\n\t\t\t\t\t\t<img alt=\"pireneje___20220907_125458\"\n\t\t\t\t\t\t     src=\"\" data-image=\"https:\/\/mototours.pl\/wp-content\/uploads\/2024\/01\/pireneje___20220907_125458.jpg\"\n\t\t\t\t\t\t     data-thumb=\"https:\/\/mototours.pl\/wp-content\/uploads\/2024\/01\/pireneje___20220907_125458-768x347.jpg\"\n\t\t\t\t\t\t     title=\"\"\n\t\t\t\t\t\t     style=\"display:none\">\n\n\t\t\t\t\t\t<img alt=\"pireneje___20220908_122441\"\n\t\t\t\t\t\t     src=\"\" data-image=\"https:\/\/mototours.pl\/wp-content\/uploads\/2024\/01\/pireneje___20220908_122441.jpg\"\n\t\t\t\t\t\t     data-thumb=\"https:\/\/mototours.pl\/wp-content\/uploads\/2024\/01\/pireneje___20220908_122441.jpg\"\n\t\t\t\t\t\t     title=\"\"\n\t\t\t\t\t\t     style=\"display:none\">\n\n\t\t\t\t\t\t<img alt=\"pireneje___20220909_161840\"\n\t\t\t\t\t\t     src=\"\" data-image=\"https:\/\/mototours.pl\/wp-content\/uploads\/2024\/01\/pireneje___20220909_161840.jpg\"\n\t\t\t\t\t\t     data-thumb=\"https:\/\/mototours.pl\/wp-content\/uploads\/2024\/01\/pireneje___20220909_161840-768x347.jpg\"\n\t\t\t\t\t\t     title=\"\"\n\t\t\t\t\t\t     style=\"display:none\">\n\n\t\t\t\t\t\t<img alt=\"pireneje___20220910_165856\"\n\t\t\t\t\t\t     src=\"\" data-image=\"https:\/\/mototours.pl\/wp-content\/uploads\/2024\/01\/pireneje___20220910_165856.jpg\"\n\t\t\t\t\t\t     data-thumb=\"https:\/\/mototours.pl\/wp-content\/uploads\/2024\/01\/pireneje___20220910_165856-768x348.jpg\"\n\t\t\t\t\t\t     title=\"\"\n\t\t\t\t\t\t     style=\"display:none\">\n\n\t\t\t\t\t\t<img alt=\"pireneje___20230514_134425\"\n\t\t\t\t\t\t     src=\"\" data-image=\"https:\/\/mototours.pl\/wp-content\/uploads\/2024\/01\/pireneje___20230514_134425.jpg\"\n\t\t\t\t\t\t     data-thumb=\"https:\/\/mototours.pl\/wp-content\/uploads\/2024\/01\/pireneje___20230514_134425-768x434.jpg\"\n\t\t\t\t\t\t     title=\"\"\n\t\t\t\t\t\t     style=\"display:none\">\n\n\t\t\t\t\t\t<img alt=\"pireneje___20230515_081852\"\n\t\t\t\t\t\t     src=\"\" data-image=\"https:\/\/mototours.pl\/wp-content\/uploads\/2024\/01\/pireneje___20230515_081852.jpg\"\n\t\t\t\t\t\t     data-thumb=\"https:\/\/mototours.pl\/wp-content\/uploads\/2024\/01\/pireneje___20230515_081852-768x1359.jpg\"\n\t\t\t\t\t\t     title=\"\"\n\t\t\t\t\t\t     style=\"display:none\">\n\n\t\t\t\t\t\t<img alt=\"pireneje___20230515_151220\"\n\t\t\t\t\t\t     src=\"\" data-image=\"https:\/\/mototours.pl\/wp-content\/uploads\/2024\/01\/pireneje___20230515_151220.jpg\"\n\t\t\t\t\t\t     data-thumb=\"https:\/\/mototours.pl\/wp-content\/uploads\/2024\/01\/pireneje___20230515_151220-768x475.jpg\"\n\t\t\t\t\t\t     title=\"\"\n\t\t\t\t\t\t     style=\"display:none\">\n\n\t\t\t\t\t\t<img alt=\"pireneje___20230516_105319\"\n\t\t\t\t\t\t     src=\"\" data-image=\"https:\/\/mototours.pl\/wp-content\/uploads\/2024\/01\/pireneje___20230516_105319.jpg\"\n\t\t\t\t\t\t     data-thumb=\"https:\/\/mototours.pl\/wp-content\/uploads\/2024\/01\/pireneje___20230516_105319-768x408.jpg\"\n\t\t\t\t\t\t     title=\"\"\n\t\t\t\t\t\t     style=\"display:none\">\n\n\t\t\t\t\t\t<img alt=\"pireneje___20230517_144927\"\n\t\t\t\t\t\t     src=\"\" data-image=\"https:\/\/mototours.pl\/wp-content\/uploads\/2024\/01\/pireneje___20230517_144927.jpg\"\n\t\t\t\t\t\t     data-thumb=\"https:\/\/mototours.pl\/wp-content\/uploads\/2024\/01\/pireneje___20230517_144927-768x377.jpg\"\n\t\t\t\t\t\t     title=\"\"\n\t\t\t\t\t\t     style=\"display:none\">\n\n\t\t\t\t\t\t<img alt=\"pireneje___20230518_114652\"\n\t\t\t\t\t\t     src=\"\" data-image=\"https:\/\/mototours.pl\/wp-content\/uploads\/2024\/01\/pireneje___20230518_114652.jpg\"\n\t\t\t\t\t\t     data-thumb=\"https:\/\/mototours.pl\/wp-content\/uploads\/2024\/01\/pireneje___20230518_114652-768x433.jpg\"\n\t\t\t\t\t\t     title=\"\"\n\t\t\t\t\t\t     style=\"display:none\">\n\n\t\t\t\t\t\t<img alt=\"pireneje___20230520_094839\"\n\t\t\t\t\t\t     src=\"\" data-image=\"https:\/\/mototours.pl\/wp-content\/uploads\/2024\/01\/pireneje___20230520_094839.jpg\"\n\t\t\t\t\t\t     data-thumb=\"https:\/\/mototours.pl\/wp-content\/uploads\/2024\/01\/pireneje___20230520_094839-768x330.jpg\"\n\t\t\t\t\t\t     title=\"\"\n\t\t\t\t\t\t     style=\"display:none\">\n\n\t\t\t\t\t\t<img alt=\"pireneje___20230520_120738\"\n\t\t\t\t\t\t     src=\"\" data-image=\"https:\/\/mototours.pl\/wp-content\/uploads\/2024\/01\/pireneje___20230520_120738.jpg\"\n\t\t\t\t\t\t     data-thumb=\"https:\/\/mototours.pl\/wp-content\/uploads\/2024\/01\/pireneje___20230520_120738-768x938.jpg\"\n\t\t\t\t\t\t     title=\"\"\n\t\t\t\t\t\t     style=\"display:none\">\n\n\t\t\t\t\t\t<img alt=\"pireneje___20230521_133452\"\n\t\t\t\t\t\t     src=\"\" data-image=\"https:\/\/mototours.pl\/wp-content\/uploads\/2024\/01\/pireneje___20230521_133452.jpg\"\n\t\t\t\t\t\t     data-thumb=\"https:\/\/mototours.pl\/wp-content\/uploads\/2024\/01\/pireneje___20230521_133452-768x237.jpg\"\n\t\t\t\t\t\t     title=\"\"\n\t\t\t\t\t\t     style=\"display:none\">\n\n\t\t\t\t\t\t<img alt=\"pireneje___20230906_190037\"\n\t\t\t\t\t\t     src=\"\" data-image=\"https:\/\/mototours.pl\/wp-content\/uploads\/2024\/01\/pireneje___20230906_190037.jpg\"\n\t\t\t\t\t\t     data-thumb=\"https:\/\/mototours.pl\/wp-content\/uploads\/2024\/01\/pireneje___20230906_190037-768x434.jpg\"\n\t\t\t\t\t\t     title=\"\"\n\t\t\t\t\t\t     style=\"display:none\">\n\n\t\t\t\t\t\t<img alt=\"pireneje___IMG_20210710_092011\"\n\t\t\t\t\t\t     src=\"\" data-image=\"https:\/\/mototours.pl\/wp-content\/uploads\/2024\/01\/pireneje___IMG_20210710_092011.jpg\"\n\t\t\t\t\t\t     data-thumb=\"https:\/\/mototours.pl\/wp-content\/uploads\/2024\/01\/pireneje___IMG_20210710_092011-768x577.jpg\"\n\t\t\t\t\t\t     title=\"\"\n\t\t\t\t\t\t     style=\"display:none\">\n\t\t\t<\/div>\n\n\t\t\t<script type='text\/javascript'>\n\t\t\t\twindow.onload = function(e) {\n\t\t\t\t\tif(typeof ugCheckForErrors == \"undefined\"){\n\t\t\t\t\t\tdocument.getElementById(\"unitegallery_5_1\").innerHTML = \"<span style='color:red'>Unite Gallery Error - gallery js and css files not included in the footer. Please make sure that wp_footer() function is added to your theme.<\/span>\";}\n\t\t\t\t\telse{ ugCheckForErrors(\"unitegallery_5_1\", \"jquery\");}\n\t\t\t\t};\n\t\t\t<\/script>\n\n\t\t\t<!-- END UNITEGALLERY LITE--><\/p>\n<p>&nbsp;<\/p>\n<p>&nbsp;<\/p>\n","protected":false},"excerpt":{"rendered":"<p>Pireneje To jedno z najbardziej malowniczych miejsc w Europie, pe\u0142ne serpentyn i widok\u00f3w zapieraj\u0105cych dech. Ruch jest tu znacznie mniejszy ni\u017c w Alpach, dzi\u0119ki czemu jazda jest spokojniejsza i bardziej p\u0142ynna. Mo\u017cna w jeden dzie\u0144 przejecha\u0107 przez zupe\u0142nie r\u00f3\u017cne krajobrazy: od surowych szczyt\u00f3w po zielone doliny i nadmorskie klify. Region jest pe\u0142en ma\u0142ych, klimatycznych miasteczek, [&hellip;]<\/p>\n","protected":false},"author":1,"featured_media":724,"parent":0,"menu_order":0,"comment_status":"closed","ping_status":"closed","template":"","meta":{"saved_in_kubio":false,"_themeisle_gutenberg_block_has_review":false,"footnotes":""},"class_list":["post-1097","page","type-page","status-publish","has-post-thumbnail","hentry"],"kubio_ai_page_context":{"short_desc":"","purpose":"general"},"_links":{"self":[{"href":"https:\/\/mototours.pl\/index.php\/wp-json\/wp\/v2\/pages\/1097","targetHints":{"allow":["GET"]}}],"collection":[{"href":"https:\/\/mototours.pl\/index.php\/wp-json\/wp\/v2\/pages"}],"about":[{"href":"https:\/\/mototours.pl\/index.php\/wp-json\/wp\/v2\/types\/page"}],"author":[{"embeddable":true,"href":"https:\/\/mototours.pl\/index.php\/wp-json\/wp\/v2\/users\/1"}],"replies":[{"embeddable":true,"href":"https:\/\/mototours.pl\/index.php\/wp-json\/wp\/v2\/comments?post=1097"}],"version-history":[{"count":4,"href":"https:\/\/mototours.pl\/index.php\/wp-json\/wp\/v2\/pages\/1097\/revisions"}],"predecessor-version":[{"id":2331,"href":"https:\/\/mototours.pl\/index.php\/wp-json\/wp\/v2\/pages\/1097\/revisions\/2331"}],"wp:featuredmedia":[{"embeddable":true,"href":"https:\/\/mototours.pl\/index.php\/wp-json\/wp\/v2\/media\/724"}],"wp:attachment":[{"href":"https:\/\/mototours.pl\/index.php\/wp-json\/wp\/v2\/media?parent=1097"}],"curies":[{"name":"wp","href":"https:\/\/api.w.org\/{rel}","templated":true}]}}